{"id":6,"date":"2023-06-18T11:16:44","date_gmt":"2023-06-18T14:16:44","guid":{"rendered":"https:\/\/verdemanta.com.br\/?page_id=6"},"modified":"2023-06-26T17:10:05","modified_gmt":"2023-06-26T20:10:05","slug":"inicio","status":"publish","type":"page","link":"https:\/\/verdemanta.com.br\/","title":{"rendered":"In\u00edcio"},"content":{"rendered":"\t\t<div data-elementor-type=\"wp-page\" data-elementor-id=\"6\" class=\"elementor elementor-6\">\n\t\t\t\t\t\t\t<div class=\"elementor-element elementor-element-5786049 elementor-hidden-tablet_extra elementor-hidden-tablet elementor-hidden-mobile_extra elementor-hidden-mobile e-flex e-con-boxed e-con e-parent\" data-id=\"5786049\" data-element_type=\"container\" data-settings=\"{&quot;content_width&quot;:&quot;boxed&quot;}\" data-e-bg-lazyload=\"\" data-core-v316-plus=\"true\">\n\t\t\t\t\t<div class=\"e-con-inner\">\n\t\t<div class=\"elementor-element elementor-element-8505500 e-con-full e-flex e-con e-child\" data-id=\"8505500\" data-element_type=\"container\" data-settings=\"{&quot;content_width&quot;:&quot;full&quot;}\">\n\t\t\t\t<\/div>\n\t\t\t\t\t<\/div>\n\t\t\t\t<\/div>\n\t\t<div class=\"elementor-element elementor-element-193275f e-con-full e-flex e-con e-parent\" data-id=\"193275f\" data-element_type=\"container\" data-settings=\"{&quot;content_width&quot;:&quot;full&quot;}\" data-core-v316-plus=\"true\">\n\t\t<div class=\"elementor-element elementor-element-1ce7923 e-con-full e-flex e-con e-child\" data-id=\"1ce7923\" data-element_type=\"container\" data-settings=\"{&quot;content_width&quot;:&quot;full&quot;}\">\n\t\t\t\t<div class=\"elementor-element elementor-element-3dff59e elementor-widget elementor-widget-heading\" data-id=\"3dff59e\" data-element_type=\"widget\" data-widget_type=\"heading.default\">\n\t\t\t\t<div class=\"elementor-widget-container\">\n\t\t\t<style>\/*! elementor - v3.16.0 - 20-09-2023 *\/\n.elementor-heading-title{padding:0;margin:0;line-height:1}.elementor-widget-heading .elementor-heading-title[class*=elementor-size-]>a{color:inherit;font-size:inherit;line-height:inherit}.elementor-widget-heading .elementor-heading-title.elementor-size-small{font-size:15px}.elementor-widget-heading .elementor-heading-title.elementor-size-medium{font-size:19px}.elementor-widget-heading .elementor-heading-title.elementor-size-large{font-size:29px}.elementor-widget-heading .elementor-heading-title.elementor-size-xl{font-size:39px}.elementor-widget-heading .elementor-heading-title.elementor-size-xxl{font-size:59px}<\/style><h2 class=\"elementor-heading-title elementor-size-default\">O que \u00e9 hidrossemeadura ?<\/h2>\t\t<\/div>\n\t\t\t\t<\/div>\n\t\t\t\t<div class=\"elementor-element elementor-element-330dd9d elementor-widget elementor-widget-text-editor\" data-id=\"330dd9d\" data-element_type=\"widget\" data-widget_type=\"text-editor.default\">\n\t\t\t\t<div class=\"elementor-widget-container\">\n\t\t\t<style>\/*! elementor - v3.16.0 - 20-09-2023 *\/\n.elementor-widget-text-editor.elementor-drop-cap-view-stacked .elementor-drop-cap{background-color:#69727d;color:#fff}.elementor-widget-text-editor.elementor-drop-cap-view-framed .elementor-drop-cap{color:#69727d;border:3px solid;background-color:transparent}.elementor-widget-text-editor:not(.elementor-drop-cap-view-default) .elementor-drop-cap{margin-top:8px}.elementor-widget-text-editor:not(.elementor-drop-cap-view-default) .elementor-drop-cap-letter{width:1em;height:1em}.elementor-widget-text-editor .elementor-drop-cap{float:left;text-align:center;line-height:1;font-size:50px}.elementor-widget-text-editor .elementor-drop-cap-letter{display:inline-block}<\/style>\t\t\t\t<p>Hidrossemeadura \u00e9 o novo modelo de plantio de grama l\u00edquida no Brasil. A t\u00e9cnica consiste na aplica\u00e7\u00e3o de mix de sementes, fertilizantes, e o mulch de fibra de madeira em qualquer tipo de terreno, desenvolvendo, da melhor maneira, a vegeta\u00e7\u00e3o. \u00c9 realizado atrav\u00e9s de um equipamento de mistura , jateamento e pronto! Seguro, eficaz e mais econ\u00f4mico, dispensando prepara\u00e7\u00e3o do solo e coveamento.<br>Ideal para plantio em condom\u00ednios, taludes e encostas, controle de eros\u00e3o, recupera\u00e7\u00e3o de rodovias, etc.<\/p>\t\t\t\t\t\t<\/div>\n\t\t\t\t<\/div>\n\t\t\t\t<\/div>\n\t\t<div class=\"elementor-element elementor-element-9390032 e-con-full e-flex e-con e-child\" data-id=\"9390032\" data-element_type=\"container\" data-settings=\"{&quot;content_width&quot;:&quot;full&quot;}\">\n\t\t\t\t<div class=\"elementor-element elementor-element-bce2db6 elementor-widget elementor-widget-image\" data-id=\"bce2db6\" data-element_type=\"widget\" data-widget_type=\"image.default\">\n\t\t\t\t<div class=\"elementor-widget-container\">\n\t\t\t<style>\/*! elementor - v3.16.0 - 20-09-2023 *\/\n.elementor-widget-image{text-align:center}.elementor-widget-image a{display:inline-block}.elementor-widget-image a img[src$=\".svg\"]{width:48px}.elementor-widget-image img{vertical-align:middle;display:inline-block}<\/style>\t\t\t\t\t\t\t\t\t\t\t\t<img loading=\"lazy\" decoding=\"async\" width=\"908\" height=\"533\" src=\"https:\/\/verdemanta.com.br\/wp-content\/uploads\/2023\/06\/Jateamento-1.png\" class=\"attachment-large size-large wp-image-127\" alt=\"\" srcset=\"https:\/\/verdemanta.com.br\/wp-content\/uploads\/2023\/06\/Jateamento-1.png 908w, https:\/\/verdemanta.com.br\/wp-content\/uploads\/2023\/06\/Jateamento-1-300x176.png 300w, https:\/\/verdemanta.com.br\/wp-content\/uploads\/2023\/06\/Jateamento-1-768x451.png 768w, https:\/\/verdemanta.com.br\/wp-content\/uploads\/2023\/06\/Jateamento-1-600x352.png 600w\" sizes=\"(max-width: 908px) 100vw, 908px\" \/>\t\t\t\t\t\t\t\t\t\t\t\t\t\t\t<\/div>\n\t\t\t\t<\/div>\n\t\t\t\t<\/div>\n\t\t\t\t<\/div>\n\t\t<div class=\"elementor-element elementor-element-45a3300 e-con-full e-flex e-con e-parent\" data-id=\"45a3300\" data-element_type=\"container\" data-settings=\"{&quot;content_width&quot;:&quot;full&quot;}\" data-core-v316-plus=\"true\">\n\t\t<div class=\"elementor-element elementor-element-0d94018 e-con-full e-flex e-con e-child\" data-id=\"0d94018\" data-element_type=\"container\" data-settings=\"{&quot;content_width&quot;:&quot;full&quot;}\">\n\t\t\t\t<div class=\"elementor-element elementor-element-8fc5eb4 elementor-widget elementor-widget-image\" data-id=\"8fc5eb4\" data-element_type=\"widget\" data-widget_type=\"image.default\">\n\t\t\t\t<div class=\"elementor-widget-container\">\n\t\t\t\t\t\t\t\t\t\t\t\t\t\t\t<img loading=\"lazy\" decoding=\"async\" width=\"682\" height=\"395\" src=\"https:\/\/verdemanta.com.br\/wp-content\/uploads\/2023\/06\/Relevo-1.png\" class=\"attachment-large size-large wp-image-107\" alt=\"\" srcset=\"https:\/\/verdemanta.com.br\/wp-content\/uploads\/2023\/06\/Relevo-1.png 682w, https:\/\/verdemanta.com.br\/wp-content\/uploads\/2023\/06\/Relevo-1-300x174.png 300w, https:\/\/verdemanta.com.br\/wp-content\/uploads\/2023\/06\/Relevo-1-600x348.png 600w\" sizes=\"(max-width: 682px) 100vw, 682px\" \/>\t\t\t\t\t\t\t\t\t\t\t\t\t\t\t<\/div>\n\t\t\t\t<\/div>\n\t\t\t\t<\/div>\n\t\t<div class=\"elementor-element elementor-element-3efd3ae e-con-full e-flex e-con e-child\" data-id=\"3efd3ae\" data-element_type=\"container\" data-settings=\"{&quot;content_width&quot;:&quot;full&quot;}\">\n\t\t\t\t<div class=\"elementor-element elementor-element-6e8b6d0 elementor-widget elementor-widget-heading\" data-id=\"6e8b6d0\" data-element_type=\"widget\" data-widget_type=\"heading.default\">\n\t\t\t\t<div class=\"elementor-widget-container\">\n\t\t\t<h2 class=\"elementor-heading-title elementor-size-default\">Hidrossemeadura Verde Manta<\/h2>\t\t<\/div>\n\t\t\t\t<\/div>\n\t\t\t\t<div class=\"elementor-element elementor-element-fd0b019 elementor-widget elementor-widget-text-editor\" data-id=\"fd0b019\" data-element_type=\"widget\" data-widget_type=\"text-editor.default\">\n\t\t\t\t<div class=\"elementor-widget-container\">\n\t\t\t\t\t\t\t<p><span style=\"color: #000000;\">Nossa hidrossemeadura <\/span><span style=\"color: #000000;\">\u00e9 preparada levando em conta as caracter\u00edsticas espec\u00edficas de cada \u00e1rea, incluindo o tipo de solo, inclina\u00e7\u00e3o, clima, esta\u00e7\u00e3o do ano e objetivos do projeto.\u00a0<\/span><\/p><p><span style=\"color: #000000;\">As esp\u00e9cies de plantas a serem utilizadas s\u00e3o cuidadosamente selecionadas visando o r\u00e1pido recobrimento das \u00e1reas, o estabelecimento de uma vegeta\u00e7\u00e3o duradora e o melhor custo benef\u00edcio<\/span><\/p>\t\t\t\t\t\t<\/div>\n\t\t\t\t<\/div>\n\t\t\t\t<\/div>\n\t\t\t\t<\/div>\n\t\t<div class=\"elementor-element elementor-element-6429eb0 e-con-full e-flex e-con e-parent\" data-id=\"6429eb0\" data-element_type=\"container\" data-settings=\"{&quot;content_width&quot;:&quot;full&quot;}\" data-core-v316-plus=\"true\">\n\t\t\t\t<div class=\"elementor-element elementor-element-2ef726f elementor-widget elementor-widget-heading\" data-id=\"2ef726f\" data-element_type=\"widget\" data-widget_type=\"heading.default\">\n\t\t\t\t<div class=\"elementor-widget-container\">\n\t\t\t<h2 class=\"elementor-heading-title elementor-size-default\">VANTAGENS<\/h2>\t\t<\/div>\n\t\t\t\t<\/div>\n\t\t\t\t<\/div>\n\t\t<div class=\"elementor-element elementor-element-074ad70 e-con-full e-flex e-con e-parent\" data-id=\"074ad70\" data-element_type=\"container\" data-settings=\"{&quot;content_width&quot;:&quot;full&quot;}\" data-core-v316-plus=\"true\">\n\t\t<div class=\"elementor-element elementor-element-e4b7f63 e-con-full e-flex e-con e-child\" data-id=\"e4b7f63\" data-element_type=\"container\" data-settings=\"{&quot;content_width&quot;:&quot;full&quot;}\">\n\t\t\t\t<div class=\"elementor-element elementor-element-d289b18 elementor-widget-widescreen__width-initial elementor-widget elementor-widget-text-editor\" data-id=\"d289b18\" data-element_type=\"widget\" data-widget_type=\"text-editor.default\">\n\t\t\t\t<div class=\"elementor-widget-container\">\n\t\t\t\t\t\t\t<ul><li>Baixo custo de implementa\u00e7\u00e3o e manuten\u00e7\u00e3o<\/li><li>Rapidez na aplica\u00e7\u00e3o<\/li><li>Dispensa preparo de solo<\/li><li>Alto rendimento de aplica\u00e7\u00e3o e produtividade<\/li><li>Economia com terraplanagem com retaludamento de solo<\/li><li>N\u00e3o necessita de trabalho em altura<\/li><li>Total ader\u00eancia entre a hidromanta e o solo<\/li><li>Controle de eros\u00e3o e deslizamento<\/li><li>Filtro de sedimentos<\/li><li>Revestimento leve<\/li><li>Materiais 100% biodegrad\u00e1veis<\/li><li>N\u00e3o necessita de trabalho em altura\u00a0\u00a0<\/li><\/ul>\t\t\t\t\t\t<\/div>\n\t\t\t\t<\/div>\n\t\t\t\t<\/div>\n\t\t<div class=\"elementor-element elementor-element-c0862a4 e-con-full e-flex e-con e-child\" data-id=\"c0862a4\" data-element_type=\"container\" data-settings=\"{&quot;content_width&quot;:&quot;full&quot;}\">\n\t\t\t\t<div class=\"elementor-element elementor-element-9db80d7 elementor-widget elementor-widget-image\" data-id=\"9db80d7\" data-element_type=\"widget\" data-widget_type=\"image.default\">\n\t\t\t\t<div class=\"elementor-widget-container\">\n\t\t\t\t\t\t\t\t\t\t\t\t\t\t\t<img loading=\"lazy\" decoding=\"async\" width=\"837\" height=\"530\" src=\"https:\/\/verdemanta.com.br\/wp-content\/uploads\/2023\/06\/Germinacao.png\" class=\"attachment-large size-large wp-image-102\" alt=\"\" srcset=\"https:\/\/verdemanta.com.br\/wp-content\/uploads\/2023\/06\/Germinacao.png 837w, https:\/\/verdemanta.com.br\/wp-content\/uploads\/2023\/06\/Germinacao-300x190.png 300w, https:\/\/verdemanta.com.br\/wp-content\/uploads\/2023\/06\/Germinacao-768x486.png 768w, https:\/\/verdemanta.com.br\/wp-content\/uploads\/2023\/06\/Germinacao-600x380.png 600w\" sizes=\"(max-width: 837px) 100vw, 837px\" \/>\t\t\t\t\t\t\t\t\t\t\t\t\t\t\t<\/div>\n\t\t\t\t<\/div>\n\t\t\t\t<\/div>\n\t\t\t\t<\/div>\n\t\t<div class=\"elementor-element elementor-element-babf08b elementor-hidden-tablet_extra elementor-hidden-tablet elementor-hidden-mobile_extra elementor-hidden-mobile e-flex e-con-boxed e-con e-parent\" data-id=\"babf08b\" data-element_type=\"container\" data-settings=\"{&quot;background_background&quot;:&quot;classic&quot;,&quot;content_width&quot;:&quot;boxed&quot;}\" data-e-bg-lazyload=\"\" data-core-v316-plus=\"true\">\n\t\t\t\t\t<div class=\"e-con-inner\">\n\t\t\t\t\t<\/div>\n\t\t\t\t<\/div>\n\t\t<div class=\"elementor-element elementor-element-66b52c0 e-con-full e-flex e-con e-parent\" data-id=\"66b52c0\" data-element_type=\"container\" data-settings=\"{&quot;content_width&quot;:&quot;full&quot;}\" data-core-v316-plus=\"true\">\n\t\t\t\t<div class=\"elementor-element elementor-element-5f710ae elementor-widget__width-initial elementor-widget-mobile__width-initial elementor-widget elementor-widget-heading\" data-id=\"5f710ae\" data-element_type=\"widget\" data-widget_type=\"heading.default\">\n\t\t\t\t<div class=\"elementor-widget-container\">\n\t\t\t<h2 class=\"elementor-heading-title elementor-size-default\">HIDROMANTA EM TERRENOS IRREGULADRES<\/h2>\t\t<\/div>\n\t\t\t\t<\/div>\n\t\t\t\t<\/div>\n\t\t<div class=\"elementor-element elementor-element-2d560fe e-con-full e-flex e-con e-parent\" data-id=\"2d560fe\" data-element_type=\"container\" data-settings=\"{&quot;content_width&quot;:&quot;full&quot;}\" data-core-v316-plus=\"true\">\n\t\t<div class=\"elementor-element elementor-element-1f6245d e-con-full e-flex e-con e-child\" data-id=\"1f6245d\" data-element_type=\"container\" data-settings=\"{&quot;content_width&quot;:&quot;full&quot;}\">\n\t\t\t\t<div class=\"elementor-element elementor-element-dfb8b31 elementor-widget elementor-widget-text-editor\" data-id=\"dfb8b31\" data-element_type=\"widget\" data-widget_type=\"text-editor.default\">\n\t\t\t\t<div class=\"elementor-widget-container\">\n\t\t\t\t\t\t\t<p>Conforme relata o Departamento de&nbsp;<span style=\"color: var( --e-global-color-text ); font-family: var( --e-global-typography-text-font-family ), Sans-serif; font-weight: var( --e-global-typography-text-font-weight ); text-align: var(--text-align); letter-spacing: 0px;\">Transporte do Estado Americano da&nbsp;<\/span><span style=\"color: var( --e-global-color-text ); text-align: var(--text-align); letter-spacing: 0px;\">Calif\u00f3rnia, a HIDROMANTA, BFM-Bonded&nbsp;<\/span><span style=\"color: var( --e-global-color-text ); font-family: var( --e-global-typography-text-font-family ), Sans-serif; font-weight: var( --e-global-typography-text-font-weight ); text-align: var(--text-align); letter-spacing: 0px;\">Fiber Matrix,&nbsp;<\/span><span style=\"color: var( --e-global-color-text ); text-align: var(--text-align); letter-spacing: 0px;\">adere&nbsp;<\/span><span style=\"color: var( --e-global-color-text ); font-family: var( --e-global-typography-text-font-family ), Sans-serif; font-weight: var( --e-global-typography-text-font-weight ); text-align: var(--text-align); letter-spacing: 0px;\">perfeitamente \u00e0s irregularidades do terreno&nbsp;<\/span><span style=\"color: var( --e-global-color-text ); text-align: var(--text-align); letter-spacing: 0px;\">promovendo maior prote\u00e7\u00e3o contra a eros\u00e3o.&nbsp;<\/span><span style=\"color: var( --e-global-color-text ); font-family: var( --e-global-typography-text-font-family ), Sans-serif; font-weight: var( --e-global-typography-text-font-weight ); text-align: var(--text-align); letter-spacing: 0px;\">Al\u00e9m disso, a vegeta\u00e7\u00e3o aplicada por&nbsp;<\/span><span style=\"color: var( --e-global-color-text ); text-align: var(--text-align); letter-spacing: 0px;\">sementes, tende a proteger o solo a longo&nbsp;<\/span><span style=\"color: var( --e-global-color-text ); font-family: var( --e-global-typography-text-font-family ), Sans-serif; font-weight: var( --e-global-typography-text-font-weight ); text-align: var(--text-align); letter-spacing: 0px;\">prazo.<\/span><\/p><p>O fato de dispensar preparo do terreno, garante em<span style=\"color: var( --e-global-color-text ); text-align: var(--text-align); letter-spacing: 0px;\">&nbsp;economia com&nbsp;<\/span><span style=\"color: var( --e-global-color-text ); text-align: var(--text-align); letter-spacing: 0px;\">terraplenagem em retaludamentos e&nbsp;<\/span><span style=\"color: var( --e-global-color-text ); text-align: var(--text-align); letter-spacing: 0px;\">transporte de solo<\/span><\/p>\t\t\t\t\t\t<\/div>\n\t\t\t\t<\/div>\n\t\t\t\t<\/div>\n\t\t<div class=\"elementor-element elementor-element-62cb3ca e-con-full e-flex e-con e-child\" data-id=\"62cb3ca\" data-element_type=\"container\" data-settings=\"{&quot;content_width&quot;:&quot;full&quot;}\">\n\t\t\t\t<div class=\"elementor-element elementor-element-69a551d elementor-widget elementor-widget-image\" data-id=\"69a551d\" data-element_type=\"widget\" data-widget_type=\"image.default\">\n\t\t\t\t<div class=\"elementor-widget-container\">\n\t\t\t\t\t\t\t\t\t\t\t\t\t\t\t<img loading=\"lazy\" decoding=\"async\" width=\"794\" height=\"1024\" src=\"https:\/\/verdemanta.com.br\/wp-content\/uploads\/2023\/06\/Acomodamento-solo3-1-794x1024.png\" class=\"attachment-large size-large wp-image-100\" alt=\"\" srcset=\"https:\/\/verdemanta.com.br\/wp-content\/uploads\/2023\/06\/Acomodamento-solo3-1-794x1024.png 794w, https:\/\/verdemanta.com.br\/wp-content\/uploads\/2023\/06\/Acomodamento-solo3-1-233x300.png 233w, https:\/\/verdemanta.com.br\/wp-content\/uploads\/2023\/06\/Acomodamento-solo3-1-768x991.png 768w, https:\/\/verdemanta.com.br\/wp-content\/uploads\/2023\/06\/Acomodamento-solo3-1-600x774.png 600w, https:\/\/verdemanta.com.br\/wp-content\/uploads\/2023\/06\/Acomodamento-solo3-1.png 1007w\" sizes=\"(max-width: 794px) 100vw, 794px\" \/>\t\t\t\t\t\t\t\t\t\t\t\t\t\t\t<\/div>\n\t\t\t\t<\/div>\n\t\t\t\t<\/div>\n\t\t\t\t<\/div>\n\t\t<div class=\"elementor-element elementor-element-881e865 e-con-full e-flex e-con e-parent\" data-id=\"881e865\" data-element_type=\"container\" data-settings=\"{&quot;content_width&quot;:&quot;full&quot;}\" data-core-v316-plus=\"true\">\n\t\t\t\t<div class=\"elementor-element elementor-element-b931c83 elementor-widget-mobile__width-inherit elementor-widget__width-inherit elementor-widget elementor-widget-heading\" data-id=\"b931c83\" data-element_type=\"widget\" data-widget_type=\"heading.default\">\n\t\t\t\t<div class=\"elementor-widget-container\">\n\t\t\t<h2 class=\"elementor-heading-title elementor-size-default\">MULSH - FIBRA DE MADEIRA<\/h2>\t\t<\/div>\n\t\t\t\t<\/div>\n\t\t\t\t<\/div>\n\t\t<div class=\"elementor-element elementor-element-5d896cf e-con-full e-flex e-con e-parent\" data-id=\"5d896cf\" data-element_type=\"container\" data-settings=\"{&quot;content_width&quot;:&quot;full&quot;}\" data-core-v316-plus=\"true\">\n\t\t<div class=\"elementor-element elementor-element-4b0dc48 e-con-full e-flex e-con e-child\" data-id=\"4b0dc48\" data-element_type=\"container\" data-settings=\"{&quot;content_width&quot;:&quot;full&quot;}\">\n\t\t\t\t<div class=\"elementor-element elementor-element-14924dd elementor-widget elementor-widget-image\" data-id=\"14924dd\" data-element_type=\"widget\" data-widget_type=\"image.default\">\n\t\t\t\t<div class=\"elementor-widget-container\">\n\t\t\t\t\t\t\t\t\t\t\t\t\t\t\t<img loading=\"lazy\" decoding=\"async\" width=\"705\" height=\"536\" src=\"https:\/\/verdemanta.com.br\/wp-content\/uploads\/2023\/06\/RETENCAO-DE-AGUA.png\" class=\"attachment-large size-large wp-image-109\" alt=\"\" srcset=\"https:\/\/verdemanta.com.br\/wp-content\/uploads\/2023\/06\/RETENCAO-DE-AGUA.png 705w, https:\/\/verdemanta.com.br\/wp-content\/uploads\/2023\/06\/RETENCAO-DE-AGUA-300x228.png 300w, https:\/\/verdemanta.com.br\/wp-content\/uploads\/2023\/06\/RETENCAO-DE-AGUA-600x456.png 600w\" sizes=\"(max-width: 705px) 100vw, 705px\" \/>\t\t\t\t\t\t\t\t\t\t\t\t\t\t\t<\/div>\n\t\t\t\t<\/div>\n\t\t\t\t<\/div>\n\t\t<div class=\"elementor-element elementor-element-f5779dc e-con-full e-flex e-con e-child\" data-id=\"f5779dc\" data-element_type=\"container\" data-settings=\"{&quot;content_width&quot;:&quot;full&quot;}\">\n\t\t\t\t<div class=\"elementor-element elementor-element-c3c2df3 elementor-widget elementor-widget-text-editor\" data-id=\"c3c2df3\" data-element_type=\"widget\" data-widget_type=\"text-editor.default\">\n\t\t\t\t<div class=\"elementor-widget-container\">\n\t\t\t\t\t\t\t<p class=\"MsoNormal\">O mulch de fibra \u00e9 aplicado a superf\u00edcie do solo pelo processo de hidrossemeadura para formar uma camada protetora. Essa prote\u00e7\u00e3o ajuda a controlar a eros\u00e3o, mant\u00e9m as sementes no lugar e forma um micro clima para melhor germina\u00e7\u00e3o.<\/p><p class=\"MsoNormal\"><span style=\"color: var( --e-global-color-text ); text-align: var(--text-align); letter-spacing: 0px;\">O mulch utilizado \u00e9 composto por fibras de madeiras longas, limpas e est\u00e9reis, pigmenta\u00e7\u00e3o verde, aditivos e agentes umificantes que potencializam sua capacidade em absorver e reter a \u00e1gua em 22 vezes seu peso em \u00e1gua.<\/span><\/p>\t\t\t\t\t\t<\/div>\n\t\t\t\t<\/div>\n\t\t\t\t<\/div>\n\t\t\t\t<\/div>\n\t\t<div class=\"elementor-element elementor-element-ae2d7f7 e-con-full e-flex e-con e-parent\" data-id=\"ae2d7f7\" data-element_type=\"container\" data-settings=\"{&quot;content_width&quot;:&quot;full&quot;}\" data-core-v316-plus=\"true\">\n\t\t\t\t<div class=\"elementor-element elementor-element-b15ffb9 elementor-widget__width-inherit elementor-widget elementor-widget-heading\" data-id=\"b15ffb9\" data-element_type=\"widget\" data-widget_type=\"heading.default\">\n\t\t\t\t<div class=\"elementor-widget-container\">\n\t\t\t<h2 class=\"elementor-heading-title elementor-size-default\">\u00c1REAS DE ATUA\u00c7\u00c3O<\/h2>\t\t<\/div>\n\t\t\t\t<\/div>\n\t\t\t\t<\/div>\n\t\t<div class=\"elementor-element elementor-element-f0280dc e-flex e-con-boxed e-con e-parent\" data-id=\"f0280dc\" data-element_type=\"container\" data-settings=\"{&quot;content_width&quot;:&quot;boxed&quot;}\" data-core-v316-plus=\"true\">\n\t\t\t\t\t<div class=\"e-con-inner\">\n\t\t<div class=\"elementor-element elementor-element-cd449f5 e-con-full e-flex e-con e-child\" data-id=\"cd449f5\" data-element_type=\"container\" data-settings=\"{&quot;content_width&quot;:&quot;full&quot;}\">\n\t\t\t\t<div class=\"elementor-element elementor-element-ae5fadb elementor-widget elementor-widget-heading\" data-id=\"ae5fadb\" data-element_type=\"widget\" data-widget_type=\"heading.default\">\n\t\t\t\t<div class=\"elementor-widget-container\">\n\t\t\t<h2 class=\"elementor-heading-title elementor-size-default\">Urbanismo<\/h2>\t\t<\/div>\n\t\t\t\t<\/div>\n\t\t\t\t<div class=\"elementor-element elementor-element-a11b2ca elementor-widget elementor-widget-image\" data-id=\"a11b2ca\" data-element_type=\"widget\" data-widget_type=\"image.default\">\n\t\t\t\t<div class=\"elementor-widget-container\">\n\t\t\t\t\t\t\t\t\t\t\t\t\t\t\t<img loading=\"lazy\" decoding=\"async\" width=\"564\" height=\"376\" src=\"https:\/\/verdemanta.com.br\/wp-content\/uploads\/2023\/06\/urbanismo.bmp\" class=\"attachment-large size-large wp-image-114\" alt=\"\" srcset=\"https:\/\/verdemanta.com.br\/wp-content\/uploads\/2023\/06\/urbanismo.bmp 564w, https:\/\/verdemanta.com.br\/wp-content\/uploads\/2023\/06\/urbanismo-300x200.jpg 300w\" sizes=\"(max-width: 564px) 100vw, 564px\" \/>\t\t\t\t\t\t\t\t\t\t\t\t\t\t\t<\/div>\n\t\t\t\t<\/div>\n\t\t\t\t<\/div>\n\t\t<div class=\"elementor-element elementor-element-dc2de3c e-con-full e-flex e-con e-child\" data-id=\"dc2de3c\" data-element_type=\"container\" data-settings=\"{&quot;content_width&quot;:&quot;full&quot;}\">\n\t\t\t\t<div class=\"elementor-element elementor-element-e38ff90 elementor-widget elementor-widget-heading\" data-id=\"e38ff90\" data-element_type=\"widget\" data-widget_type=\"heading.default\">\n\t\t\t\t<div class=\"elementor-widget-container\">\n\t\t\t<h2 class=\"elementor-heading-title elementor-size-default\">Minera\u00e7\u00e3o<\/h2>\t\t<\/div>\n\t\t\t\t<\/div>\n\t\t\t\t<div class=\"elementor-element elementor-element-f5ba2f8 elementor-widget elementor-widget-image\" data-id=\"f5ba2f8\" data-element_type=\"widget\" data-widget_type=\"image.default\">\n\t\t\t\t<div class=\"elementor-widget-container\">\n\t\t\t\t\t\t\t\t\t\t\t\t\t\t\t<img loading=\"lazy\" decoding=\"async\" width=\"564\" height=\"376\" src=\"https:\/\/verdemanta.com.br\/wp-content\/uploads\/2023\/06\/Mineracao.bmp\" class=\"attachment-large size-large wp-image-110\" alt=\"\" srcset=\"https:\/\/verdemanta.com.br\/wp-content\/uploads\/2023\/06\/Mineracao.bmp 564w, https:\/\/verdemanta.com.br\/wp-content\/uploads\/2023\/06\/Mineracao-300x200.jpg 300w\" sizes=\"(max-width: 564px) 100vw, 564px\" \/>\t\t\t\t\t\t\t\t\t\t\t\t\t\t\t<\/div>\n\t\t\t\t<\/div>\n\t\t\t\t<\/div>\n\t\t<div class=\"elementor-element elementor-element-e3b519e e-con-full e-flex e-con e-child\" data-id=\"e3b519e\" data-element_type=\"container\" data-settings=\"{&quot;content_width&quot;:&quot;full&quot;}\">\n\t\t\t\t<div class=\"elementor-element elementor-element-3e0c14d elementor-widget elementor-widget-heading\" data-id=\"3e0c14d\" data-element_type=\"widget\" data-widget_type=\"heading.default\">\n\t\t\t\t<div class=\"elementor-widget-container\">\n\t\t\t<h2 class=\"elementor-heading-title elementor-size-default\">Infraestrutura<\/h2>\t\t<\/div>\n\t\t\t\t<\/div>\n\t\t\t\t<div class=\"elementor-element elementor-element-437063b elementor-widget elementor-widget-image\" data-id=\"437063b\" data-element_type=\"widget\" data-widget_type=\"image.default\">\n\t\t\t\t<div class=\"elementor-widget-container\">\n\t\t\t\t\t\t\t\t\t\t\t\t\t\t\t<img loading=\"lazy\" decoding=\"async\" width=\"705\" height=\"471\" src=\"https:\/\/verdemanta.com.br\/wp-content\/uploads\/2023\/06\/Estrada2.bmp\" class=\"attachment-large size-large wp-image-113\" alt=\"\" srcset=\"https:\/\/verdemanta.com.br\/wp-content\/uploads\/2023\/06\/Estrada2.bmp 705w, https:\/\/verdemanta.com.br\/wp-content\/uploads\/2023\/06\/Estrada2-300x200.jpg 300w, https:\/\/verdemanta.com.br\/wp-content\/uploads\/2023\/06\/Estrada2-600x401.jpg 600w\" sizes=\"(max-width: 705px) 100vw, 705px\" \/>\t\t\t\t\t\t\t\t\t\t\t\t\t\t\t<\/div>\n\t\t\t\t<\/div>\n\t\t\t\t<\/div>\n\t\t\t\t\t<\/div>\n\t\t\t\t<\/div>\n\t\t\t\t\t\t\t<\/div>\n\t\t","protected":false},"excerpt":{"rendered":"<p>O que \u00e9 hidrossemeadura ? Hidrossemeadura \u00e9 o novo modelo de plantio de grama l\u00edquida no Brasil. A t\u00e9cnica consiste na aplica\u00e7\u00e3o de mix de sementes, fertilizantes, e o mulch de fibra de madeira em qualquer tipo de terreno, desenvolvendo, da melhor maneira, a vegeta\u00e7\u00e3o. \u00c9 realizado atrav\u00e9s de um equipamento de mistura , jateamento [&hellip;]<\/p>\n","protected":false},"author":1,"featured_media":0,"parent":0,"menu_order":0,"comment_status":"closed","ping_status":"closed","template":"elementor_header_footer","meta":{"footnotes":""},"_links":{"self":[{"href":"https:\/\/verdemanta.com.br\/index.php?rest_route=\/wp\/v2\/pages\/6"}],"collection":[{"href":"https:\/\/verdemanta.com.br\/index.php?rest_route=\/wp\/v2\/pages"}],"about":[{"href":"https:\/\/verdemanta.com.br\/index.php?rest_route=\/wp\/v2\/types\/page"}],"author":[{"embeddable":true,"href":"https:\/\/verdemanta.com.br\/index.php?rest_route=\/wp\/v2\/users\/1"}],"replies":[{"embeddable":true,"href":"https:\/\/verdemanta.com.br\/index.php?rest_route=%2Fwp%2Fv2%2Fcomments&post=6"}],"version-history":[{"count":89,"href":"https:\/\/verdemanta.com.br\/index.php?rest_route=\/wp\/v2\/pages\/6\/revisions"}],"predecessor-version":[{"id":261,"href":"https:\/\/verdemanta.com.br\/index.php?rest_route=\/wp\/v2\/pages\/6\/revisions\/261"}],"wp:attachment":[{"href":"https:\/\/verdemanta.com.br\/index.php?rest_route=%2Fwp%2Fv2%2Fmedia&parent=6"}],"curies":[{"name":"wp","href":"https:\/\/api.w.org\/{rel}","templated":true}]}}